{"id":743,"date":"2020-09-28T13:28:57","date_gmt":"2020-09-28T11:28:57","guid":{"rendered":"http:\/\/creutzmeyer.com\/?page_id=743"},"modified":"2025-06-26T18:00:19","modified_gmt":"2025-06-26T16:00:19","slug":"biographie","status":"publish","type":"page","link":"https:\/\/creutzmeyer.com\/index.php\/biographie\/","title":{"rendered":"Biographie"},"content":{"rendered":"<div class=\"wp-block-image\">\n<figure class=\"aligncenter size-large\"><img loading=\"lazy\" decoding=\"async\" width=\"550\" height=\"550\" src=\"http:\/\/creutzmeyer.com\/wp-content\/uploads\/2020\/11\/GIF-miniatures-cercle-NB.gif\" alt=\"\" class=\"wp-image-7492\"\/><\/figure>\n<\/div>\n\n\n<hr class=\"wp-block-separator has-text-color has-medium-brown-color has-css-opacity has-medium-brown-background-color has-background is-style-dots\"\/>\n\n\n\n<p class=\"has-text-align-center has-small-font-size\">&#8230; de 3 ans \u00e0 &#8230; va savoir ?<\/p>\n\n\n\n<p class=\"has-medium-font-size\"><strong>R\u00e9v\u00e9lateur de personnalit\u00e9s !<\/strong><\/p>\n\n\n\n<p class=\"has-drop-cap\">Artiste plasticien, peintre, graphiste, infographiste, mais surtout p\u00e9dagogue, Romain Creutzmeyer gr\u00e2ce \u00e0 ses m\u00e9thodes originales et personnalis\u00e9es, vous fera d\u00e9couvrir le plaisir d\u2019imaginer, d\u2019inventer et de cr\u00e9er.<br>C\u2019est en jouant avec les points les traits les lignes les formes les couleurs, les mati\u00e8res et mat\u00e9riaux\u2026qu\u2019il tentera par des exercices souvent d\u00e9routants, d\u2019attiser et d\u2019\u00e9veiller votre curiosit\u00e9, \u00e0 l\u2019aide de techniques et de moyens d\u2019expression, aussi divers que vari\u00e9s, qui vous feront d\u00e9couvrir un univers insoup\u00e7onn\u00e9 dont vous partagerez les secrets.<br>Passionn\u00e9 par le pouvoir de la cr\u00e9ation, romain Creutzmeyer transmet ses connaissances et son exp\u00e9rience \u00e0 diff\u00e9rents publics, afin de les emmener \u00e0 la d\u00e9couverte d\u2019eux-m\u00eames et du monde environnant.<br>Apprendre \u00e0 apprendre et aider \u00e0 se d\u00e9couvrir pour que chacun puisse se r\u00e9v\u00e9ler, telle est la vocation de ce professeur hors du commun. Des classes de sixi\u00e8me \u00e0 la terminale, aux \u00e9tudiants bac + 5 en \u00e9cole sp\u00e9cialis\u00e9e, comme l\u2019Institut Sup\u00e9rieur Textile d\u2019Alsace \u00e0 Mulhouse, sans oublier les enfants d\u2019\u00e9cole maternelle, ou les d\u00e9tenus de centres p\u00e9nitentiaires et les patients d\u2019h\u00f4pitaux sp\u00e9cialis\u00e9s, romain Creutzmeyer s\u2019est enrichi d\u2019exp\u00e9riences qui lui permettent subtilement de stimuler votre sensibilit\u00e9, afin de vous pousser par tous les moyens \u00e0 exprimer votre cr\u00e9ativit\u00e9, en d\u00e9veloppant vos capacit\u00e9s et ressources souvent ignor\u00e9es ou inexploit\u00e9es.<br>La force de romain Creutzmeyer, est celle de mener \u00e0 l\u2019\u00e9veil, de comprendre et d\u2019accompagner ceux qui le d\u00e9sirent, afin de disposer de leur puissance cr\u00e9atrice au service de leur seul b\u00e9n\u00e9fice, de celui des autres, ou d\u2019une profession qui le pr\u00e9conise ou l\u2019exige.<\/p>\n\n\n\n<hr class=\"wp-block-separator has-text-color has-medium-brown-color has-css-opacity has-medium-brown-background-color has-background is-style-dots\"\/>\n\n\n\n<p><strong>Exp\u00e9riences\u2026<\/strong><\/p>\n\n\n\n<div class=\"wp-block-columns is-layout-flex wp-container-core-columns-is-layout-9d6595d7 wp-block-columns-is-layout-flex\">\n<div class=\"wp-block-column is-layout-flow wp-block-column-is-layout-flow\" style=\"flex-basis:100%\">\n<figure class=\"wp-block-table\"><table><tbody><tr><td>2020 &#8211;<\/td><td class=\"has-text-align-left\" data-align=\"left\">Cin\u00e9ma Publicit\u00e9 TV<\/td><\/tr><tr><td>2018<\/td><td class=\"has-text-align-left\" data-align=\"left\">CLD Cancer \/ Fin de Contrat \u00c9ducation Nationale 01 02 2025<\/td><\/tr><tr><td>1984 &#8211; 2025<\/td><td class=\"has-text-align-left\" data-align=\"left\">SE MA CE Professeur d\u2019Arts plastiques &amp; appliqu\u00e9s. <br>\u00c9ducation Nationale Acad\u00e9mie de Strasbourg France<\/td><\/tr><tr><td>1991 &#8211; 2015<\/td><td class=\"has-text-align-left\" data-align=\"left\">Professeur d\u2019Arts appliqu\u00e9s au textile. Graphisme Design &amp; Communication <a href=\"https:\/\/www.ista-bs.fr\/\" target=\"_blank\" rel=\"noreferrer noopener\">ISTA<\/a> Institut Sup\u00e9rieur Textile d\u2019Alsace Mulhouse France <a href=\"http:\/\/www.dailymotion.com\/embed\/video\/xccej7\">Graphisme Arts &amp; Cr\u00e9ation Textiles ISTA<\/a> <\/td><\/tr><tr><td>1998<\/td><td class=\"has-text-align-left\" data-align=\"left\">Atelier de cr\u00e9ativit\u00e9&nbsp;: <a href=\"http:\/\/www.ch-rouffach.fr\/\">Centre Hospitalier de Rouffach<\/a> France<br>Atelier de cr\u00e9ativit\u00e9&nbsp;: <a href=\"http:\/\/www.ifsi-rouffach.com\/\">IFSI<\/a> Institut de formation en soins infirmiers Rouffach France<\/td><\/tr><tr><td>1995<\/td><td class=\"has-text-align-left\" data-align=\"left\">Atelier de cr\u00e9ativit\u00e9&nbsp;: Centre P\u00e9nitentiaire de Mulhouse France<\/td><\/tr><tr><td>1991 &#8211; 2002<\/td><td class=\"has-text-align-left\" data-align=\"left\">Professeur d\u2019Arts&nbsp;: <a rel=\"noreferrer noopener\" href=\"http:\/\/www.seijo.ac.jp\/\" target=\"_blank\">Institut SEIJO<\/a> d\u2019Alsace France \/ Japon<\/td><\/tr><tr><td>1989 &#8211; 1991<\/td><td class=\"has-text-align-left\" data-align=\"left\">Directeur de cr\u00e9ation: Agence en communication CIELS Colmar France<br><\/td><\/tr><tr><td>1986<\/td><td class=\"has-text-align-left\" data-align=\"left\">DNSEP&nbsp;: Dipl\u00f4me national sup\u00e9rieur d\u2019expression plastique.<br><a href=\"http:\/\/www.hear.fr\" target=\"_blank\" rel=\"noreferrer noopener\">\u00c9cole sup\u00e9rieure d\u2019Art de Mulhouse et de Haute Alsace<\/a> France<br><\/td><\/tr><tr><td>1983 &#8211; 1986<\/td><td class=\"has-text-align-left\" data-align=\"left\">Directeur de cr\u00e9ation: Agence en communication SURPRISE Strasbourg France<br><\/td><\/tr><tr><td>1981<\/td><td class=\"has-text-align-left\" data-align=\"left\"><a href=\"http:\/\/concoursgeneral.free.fr\/\">CONCOURS G\u00c9N\u00c9RAL<\/a> : Prix National de Graphisme Lyc\u00e9e Albert Schweitzer Mulhouse France<\/td><\/tr><\/tbody><\/table><\/figure>\n<\/div>\n<\/div>\n\n\n\n<hr class=\"wp-block-separator has-text-color has-medium-brown-color has-css-opacity has-medium-brown-background-color has-background is-style-dots\"\/>\n\n\n\n<p class=\"has-medium-font-size\"><strong>Chercheur en solutions&nbsp;!<\/strong><\/p>\n\n\n\n<p class=\"has-drop-cap\">Romain Creutzmeyer, ne se pr\u00e9sente pas comme un peintre, mais comme un chercheur d\u2019id\u00e9es qu\u2019il mat\u00e9rialise spontan\u00e9ment sur diff\u00e9rents supports \u00e0 l\u2019aide de techniques aussi diverses que vari\u00e9es&#8230; C\u2019est un univers charg\u00e9 d\u2019\u00e9clectisme, loin de l\u2019esth\u00e9tique \u00e9lucubration, qu\u2019il nous r\u00e9v\u00e8le \u00e0 travers des r\u00e9alisations color\u00e9es et nerveuses, vives et spontan\u00e9es, productives et rapides, ou les humeurs, les envies, les d\u00e9sirs et coups de gueule sont jet\u00e9s sur le support avec force et ampleur par un<\/p>\n\n\n\n<p class=\"has-drop-cap\"> artiste qu\u2019on devine tant\u00f4t amus\u00e9 par son quotidien tant\u00f4t bouscul\u00e9 par celui-ci&#8230; RC nous r\u00e9v\u00e8le sa th\u00e9rapArts avec ses d\u00e9rapArts ! Ses r\u00e9alisations sont d\u2019essence ludique avant tout et s\u2019il prend au s\u00e9rieux ce qu\u2019il fait, RC ne se prend pas au s\u00e9rieux, car tout passe par un plaisir jubilatoire, tant RC pratique ce que l\u2019on pourrait appeler un d\u00e9tournement. Art ludique et pleinement, m\u00eame dans ses \u0153uvres les plus ardues, en apparence, il cr\u00e9er il peint, il dessine, d\u2019abord pour son plaisir, convaincu que le plaisir est \u00e9minemment communicatif\u2026\u00bb (<em>Igor DNA Colmar 1991<\/em>)<\/p>\n\n\n\n<hr class=\"wp-block-separator has-text-color has-medium-brown-color has-css-opacity has-medium-brown-background-color has-background is-style-dots\"\/>\n\n\n\n<p class=\"has-medium-font-size\"><strong>Expositions\u2026 <\/strong><em>(Liste non exhaustive)<\/em><\/p>\n\n\n\n<p><\/p>\n\n\n\n<figure class=\"wp-block-table\"><table><tbody><tr><td>2013<\/td><td>. Exposition \u00ab SCHWEISSDISSI \u00bb&nbsp;: <a href=\"http:\/\/www.musees-mulhouse.fr\/musee-historique\/\">Salle de la D\u00e9capole<\/a> &amp; <a href=\"http:\/\/c.lalsace.fr\/haut-rhin\/2013\/10\/05\/le-schweissdissi-en-voit-de-toutes-les-couleurs\">Place de la R\u00e9union<\/a> Mulhouse France<\/td><\/tr><tr><td>2008<\/td><td>. Scharwa Brengt Gleck&nbsp;: Exposition franco-japonaise <a href=\"http:\/\/www.cave-turckheim.com\/\">Cave de Turckheim<\/a> France<\/td><\/tr><tr><td>2007<\/td><td>. <a href=\"http:\/\/www.tobikan.jp\/\" target=\"_blank\" rel=\"noreferrer noopener\">MUS\u00c9E DE TOKYO<\/a> : Uenokouen Taitou-Ku Tokyo Japon<br>. Exposition franco-japonaise&nbsp;: <a href=\"http:\/\/www.omoribellport.jp\/\">Ohmori-Bellport-Atoriumu<\/a> Tokyo Japon<\/td><\/tr><tr><td>2006<\/td><td>. Univers perpendiculaires&nbsp;: Ch\u00e2teau de la prairie. Guebwiller France<br>. Exposition franco-japonaise&nbsp;: <a href=\"http:\/\/www.omoribellport.jp\/\">Ohmori-Bellport-Atoriumu<\/a> Tokyo Japon<\/td><\/tr><tr><td>2003<\/td><td>. PARTAGE&nbsp;: Ateliers portes ouvertes Galerie <a href=\"http:\/\/lezard.org\/\">Le L\u00e9zard<\/a> Colmar France <br>. Installation&nbsp;Tie and dye : Exposition priv\u00e9e Schallstadt Allemagne<\/td><\/tr><tr><td>2001<\/td><td>. KACHINAS &amp; CENDRIER : <a href=\"http:\/\/www.ville-kaysersberg.fr\/salle-arsenal.htm\">L\u2019Arsenal<\/a> Kaysersberg France<\/td><\/tr><tr><td>1999<\/td><td>. <a href=\"https:\/\/www.luxeuil-vosges-sud.fr\/\"><u>Festival des arts&nbsp;<\/u><\/a>: Luxeuil les Bains France <br>. Partage&nbsp;: Ateliers portes ouvertes Galerie <a href=\"http:\/\/lezard.org\/\">Le L\u00e9zard<\/a> Colmar France<\/td><\/tr><tr><td>1998<\/td><td>. Trois artistes entre 2 mondes&nbsp;: Exposition virtuelle 3D<br>. RETROPERSPECTIVES : Galerie AIDA Colmar France <br>. Art et culture \u00e0 l\u2019h\u00d4pital Les Artistes Expl\u2019osent <a href=\"http:\/\/www.ch-rouffach.fr\/\">CH Rouffach<\/a> France <br>. Art contemporain A l\u2019estampille. Staffelfelden France<\/td><\/tr><tr><td>1997<\/td><td>. Atelier r\u00e9alit\u00e9&nbsp;: Galerie Le L\u00e9zard Colmar France <br>. Recycl\u2019art&nbsp;: Exposition collective. Koifhus Colmar France <br>. Ateliers portes ouvertes&nbsp;: <a href=\"http:\/\/www.cracalsace.com\/fr\/\">CRAC<\/a> Centre Rh\u00e9nan d\u2019Art Contemporain  Altkirch France <br>. Installation picturale&nbsp;: <a href=\"http:\/\/www.ville-ingersheim.fr\/fr\/information\/15369\/la-villa-fleck\">Villa Fleck<\/a> Ingersheim France<\/td><\/tr><tr><td>1996<\/td><td>. Illusions \u00c9motions r\u00c9ALISt\u00e9s : Galerie AIDA Colmar France<br>. Recycl\u2019art&nbsp;: Exposition collective. Koifhus Colmar France<\/td><\/tr><tr><td>1994<\/td><td>. PETITS FORMATS : Fondation de France <a href=\"http:\/\/www.musees-mulhouse.fr\/musee-des-beaux-arts\/\">Mus\u00e9e des Beaux-arts de Mulhouse<\/a> France<\/td><\/tr><tr><td>1993<\/td><td>. STRUCTURA : <a href=\"http:\/\/www.lafilature.org\/\">La Filature<\/a> Mulhouse France<\/td><\/tr><tr><td>1991<\/td><td>. AVANT &amp; APR\u00c8S 91&nbsp;: <a href=\"http:\/\/www.colmar.cci.fr\/\">CCI<\/a> Chambre de commerce et d\u2019industrie Colmar France<br>. L&#8217;INDIVIDU : <a href=\"http:\/\/www.ville.montreal.qc.ca\/culture\/maison-de-la-culture-mercier\">Maison de la culture Mercier Montr\u00e9al Canada<\/a> &amp; Biblioth\u00e8que municipale de Colmar France<\/td><\/tr><tr><td>1989<\/td><td>. Quatre-vingt-neuf&nbsp;: <a href=\"http:\/\/www.pole-sud.fr\/pole-sud\/edito\">P\u00f4le Sud<\/a> Strasbourg France<\/td><\/tr><tr><td>1988<\/td><td>. Espace de jeux&nbsp;: <a href=\"http:\/\/www.ciarus.com\/fr\/\">CIARUS<\/a> Centre international d\u2019accueil religieux universitaire de Strasbourg France<\/td><\/tr><tr><td>1987<\/td><td>. L\u2019amour en multim\u00c9dia&nbsp;: Collectif Trans\u2019Neuron\u2019Express Strasbourg France<\/td><\/tr><tr><td>1986<\/td><td>. ART TEXTILE CONTEMPORAIN FRAN\u00c7AIS : <a href=\"https:\/\/www.mot-art-museum.jp\/fr\/\">ISETAN<\/a> Mus\u00e9um Tokyo Japan <br>. PLASTIC PAINTING HAPPENING : Collectif Trans\u2019Neuron\u2019Express <a href=\"http:\/\/lebandit.blogspot.fr\/2011\/08\/soirees-night-simple-detour.html\">Le BANDIT<\/a> Strasbourg France<\/td><\/tr><tr><td>1985<\/td><td>. MINI TEXTILE&nbsp;: <a href=\"http:\/\/www.musees.strasbourg.eu\/index.php?page=mamcs\">MAMCS<\/a> Mus\u00e9e d\u2019Art Moderne et Contemporain Strasbourg France <br>. <a href=\"http:\/\/www.cracalsace.com\/fr\/\">CRAC<\/a> Centre Rh\u00e9nan d\u2019Art Contemporain Altkirch France<\/td><\/tr><tr><td>1984<\/td><td>. MINI TEXTILE&nbsp;: Filoth\u00e8que DMC Paris France<\/td><\/tr><\/tbody><\/table><\/figure>\n","protected":false},"excerpt":{"rendered":"<p>&#8230; de 3 ans \u00e0 &#8230; va savoir ? R\u00e9v\u00e9lateur de personnalit\u00e9s ! Artiste plasticien, peintre, graphiste, infographiste, mais surtout p\u00e9dagogue, Romain Creutzmeyer gr\u00e2ce \u00e0 ses m\u00e9thodes originales et personnalis\u00e9es, vous fera d\u00e9couvrir le plaisir d\u2019imaginer, d\u2019inventer et de cr\u00e9er.C\u2019est en jouant avec les points les traits les lignes les formes les couleurs, les mati\u00e8res &hellip; <a href=\"https:\/\/creutzmeyer.com\/index.php\/biographie\/\" class=\"more-link\">Continuer la lecture<span class=\"screen-reader-text\"> de &laquo;&nbsp;Biographie&nbsp;&raquo;<\/span><\/a><\/p>\n","protected":false},"author":1,"featured_media":0,"parent":0,"menu_order":0,"comment_status":"closed","ping_status":"closed","template":"","meta":{"ngg_post_thumbnail":0,"footnotes":""},"class_list":["post-743","page","type-page","status-publish","hentry"],"_links":{"self":[{"href":"https:\/\/creutzmeyer.com\/index.php\/wp-json\/wp\/v2\/pages\/743","targetHints":{"allow":["GET"]}}],"collection":[{"href":"https:\/\/creutzmeyer.com\/index.php\/wp-json\/wp\/v2\/pages"}],"about":[{"href":"https:\/\/creutzmeyer.com\/index.php\/wp-json\/wp\/v2\/types\/page"}],"author":[{"embeddable":true,"href":"https:\/\/creutzmeyer.com\/index.php\/wp-json\/wp\/v2\/users\/1"}],"replies":[{"embeddable":true,"href":"https:\/\/creutzmeyer.com\/index.php\/wp-json\/wp\/v2\/comments?post=743"}],"version-history":[{"count":29,"href":"https:\/\/creutzmeyer.com\/index.php\/wp-json\/wp\/v2\/pages\/743\/revisions"}],"predecessor-version":[{"id":9093,"href":"https:\/\/creutzmeyer.com\/index.php\/wp-json\/wp\/v2\/pages\/743\/revisions\/9093"}],"wp:attachment":[{"href":"https:\/\/creutzmeyer.com\/index.php\/wp-json\/wp\/v2\/media?parent=743"}],"curies":[{"name":"wp","href":"https:\/\/api.w.org\/{rel}","templated":true}]}}